{"id":7925,"date":"2019-01-30T20:21:33","date_gmt":"2019-01-30T20:21:33","guid":{"rendered":"https:\/\/elvisvantomato.com\/?page_id=7925"},"modified":"2023-11-15T06:12:40","modified_gmt":"2023-11-15T06:12:40","slug":"home","status":"publish","type":"page","link":"https:\/\/elvisvantomato.com\/en\/","title":{"rendered":"Home"},"content":{"rendered":"<div class=\"wpb-content-wrapper\"><div data-vc-full-width=\"true\" data-vc-full-width-temp=\"true\" data-vc-full-width-init=\"false\" data-vc-stretch-content=\"true\" class=\"vc_row wpb_row vc_row-fluid vc_row-no-padding bg-color-black displaced-top\"><div class=\"wpb_column vc_column_container vc_col-sm-12\"><div class=\"vc_column-inner\"><div class=\"wpb_wrapper\"><div class=\"slider-zoom  zoom-default  zoom-style-default  zoom-origin-center-center  overlay-dots  bullets-true  zoom-content-effect-fade-top  zoom-margin-top \" id=\"like_sc_zoom_slider_2114345286\" data-zs-prev=\"\" data-zs-next=\"\" data-zs-overlay=\"dots\" data-zs-initzoom=\"1.2\" data-zs-speed=\"20000\" data-zs-interval=\"6500\" data-zs-switchSpeed=\"7000\" data-zs-arrows=\"\" data-zs-bullets=\"true\" data-zs-src='[&#34;https:\\\/\\\/elvisvantomato.com\\\/wp-content\\\/uploads\\\/2018\\\/02\\\/SLIDE_02.jpg&#34;,&#34;https:\\\/\\\/elvisvantomato.com\\\/wp-content\\\/uploads\\\/2018\\\/02\\\/SLIDE_03.jpg&#34;]'><div class=\"ltx-social ltx-nav-second ltx-type-\"><ul><li><a href=\"https:\/\/www.facebook.com\/ElvisvanTomato\" target=\"_blank\"><span class=\"fa fa-facebook-f\"><\/span><\/a><\/li><li><a href=\"https:\/\/www.instagram.com\/potashmusic_official\" target=\"_blank\"><span class=\"fa fa-instagram\"><\/span><\/a><\/li><li><a href=\"https:\/\/www.youtube.com\/@Potashmusic\/videos\" target=\"_blank\"><span class=\"fa fa-youtube\"><\/span><\/a><\/li><\/ul><\/div><div class=\"container ltx-zs-slider-wrapper\"><div class=\"ltx-zs-slider-inner  inited visible  ltx-zs-slide-0\" data-index=\"0\"><div class=\"vc_row wpb_row vc_row-fluid\"><div class=\"wpb_column vc_column_container vc_col-sm-12\"><div class=\"vc_column-inner\"><div class=\"wpb_wrapper\"><div class=\"es-resp\">\t<div class=\"visible-xl\" style=\"height: 150px;\"><\/div>\t<div class=\"hidden-xl hidden-md hidden-sm hidden-ms hidden-xs\" style=\"height: 150px;\"><\/div>\t<div class=\"visible-md\" style=\"height: 150px;\"><\/div>\t<div class=\"visible-sm \" style=\"height: 150px;\"><\/div>\t<div class=\"visible-ms\" style=\"height: 100px;\"><\/div>\t<div class=\"visible-xs\" style=\"height: 100px;\"><\/div><\/div><\/div><\/div><\/div><\/div><div class=\"vc_row wpb_row vc_row-fluid vc_row-o-content-bottom vc_row-flex text-align-center-sm-ms\"><div class=\"wpb_column vc_column_container vc_col-sm-12 vc_col-lg-12 vc_col-md-12\"><div class=\"vc_column-inner\"><div class=\"wpb_wrapper\"><div class=\"heading  heading-large header-outline-subheader align-left color-white transform-default icon-type-hidden heading-tag-h1\" id=\"like_sc_header_2063158058\"><h1 class=\"header \"><span class=\"ltx-mobile\"><span> What <\/span><br \/>\nwe do<\/span><span class=\"ltx-desktop\"><svg viewbox=\"0 0 1100 120\"><text x=\"2px\" y=\"50%\" alignment-baseline=\"central\" dominant-baseline=\"middle\"> What <\/text><\/svg><br \/>\nwe do<\/span><\/h1><\/div><div class=\"es-resp\">\t<div class=\"visible-xl\" style=\"height: 32px;\"><\/div>\t<div class=\"hidden-xl hidden-md hidden-sm hidden-ms hidden-xs\" style=\"height: 32px;\"><\/div>\t<div class=\"visible-md\" style=\"height: 32px;\"><\/div>\t<div class=\"visible-sm \" style=\"height: 32px;\"><\/div>\t<div class=\"visible-ms\" style=\"height: 32px;\"><\/div>\t<div class=\"visible-xs\" style=\"height: 32px;\"><\/div><\/div><div class=\"ltx-content-width col-align-left\" id=\"like_sc_content_width_1961415096\" style=\"max-width: 600px\"><div class=\"ltx-wrapper\">\n\t<div class=\"wpb_text_column wpb_content_element\" >\n\t\t<div class=\"wpb_wrapper\">\n\t\t\t<p>Od 1996 roku dzia\u0142amy na rynku jako studio nagra\u0144 i postprodukcji d\u017awi\u0119ku<\/p>\n\n\t\t<\/div>\n\t<\/div>\n<\/div><\/div><div class=\"es-resp\">\t<div class=\"visible-xl\" style=\"height: 64px;\"><\/div>\t<div class=\"hidden-xl hidden-md hidden-sm hidden-ms hidden-xs\" style=\"height: 64px;\"><\/div>\t<div class=\"visible-md\" style=\"height: 64px;\"><\/div>\t<div class=\"visible-sm \" style=\"height: 64px;\"><\/div>\t<div class=\"visible-ms\" style=\"height: 64px;\"><\/div>\t<div class=\"visible-xs\" style=\"height: 64px;\"><\/div><\/div><div class=\"btn-wrap btn-wrap-inline\">\n\t<a href=\"#studio_sec\"  class=\"btn  btn-main color-hover-white\" id=\"like_sc_button_1613324081\">zobacz wi\u0119cej<\/a><\/div><\/div><\/div><\/div><\/div><div class=\"vc_row wpb_row vc_row-fluid\"><div class=\"wpb_column vc_column_container vc_col-sm-12\"><div class=\"vc_column-inner\"><div class=\"wpb_wrapper\"><div class=\"es-resp\">\t<div class=\"visible-xl\" style=\"height: 250px;\"><\/div>\t<div class=\"hidden-xl hidden-md hidden-sm hidden-ms hidden-xs\" style=\"height: 250px;\"><\/div>\t<div class=\"visible-md\" style=\"height: 250px;\"><\/div>\t<div class=\"visible-sm \" style=\"height: 200px;\"><\/div>\t<div class=\"visible-ms\" style=\"height: 100px;\"><\/div>\t<div class=\"visible-xs\" style=\"height: 100px;\"><\/div><\/div><\/div><\/div><\/div><\/div>\n<\/div><div class=\"ltx-zs-slider-inner  ltx-zs-slide-1\" data-index=\"1\"><div class=\"vc_row wpb_row vc_row-fluid\"><div class=\"wpb_column vc_column_container vc_col-sm-12\"><div class=\"vc_column-inner\"><div class=\"wpb_wrapper\"><div class=\"es-resp\">\t<div class=\"visible-xl\" style=\"height: 150px;\"><\/div>\t<div class=\"hidden-xl hidden-md hidden-sm hidden-ms hidden-xs\" style=\"height: 150px;\"><\/div>\t<div class=\"visible-md\" style=\"height: 150px;\"><\/div>\t<div class=\"visible-sm \" style=\"height: 150px;\"><\/div>\t<div class=\"visible-ms\" style=\"height: 100px;\"><\/div>\t<div class=\"visible-xs\" style=\"height: 100px;\"><\/div><\/div><\/div><\/div><\/div><\/div><div class=\"vc_row wpb_row vc_row-fluid vc_row-o-content-bottom vc_row-flex text-align-center-sm-ms\"><div class=\"wpb_column vc_column_container vc_col-sm-12 vc_col-lg-12 vc_col-md-12\"><div class=\"vc_column-inner\"><div class=\"wpb_wrapper\"><div class=\"heading  heading-large header-outline-subheader align-left color-white transform-default icon-type-hidden heading-tag-h1\" id=\"like_sc_header_556684506\"><h1 class=\"header \"><span class=\"ltx-mobile\"><span> Studio <\/span><br \/>\nServices<\/span><span class=\"ltx-desktop\"><svg viewbox=\"0 0 1100 120\"><text x=\"2px\" y=\"50%\" alignment-baseline=\"central\" dominant-baseline=\"middle\"> Studio <\/text><\/svg><br \/>\nServices<\/span><\/h1><\/div><div class=\"es-resp\">\t<div class=\"visible-xl\" style=\"height: 32px;\"><\/div>\t<div class=\"hidden-xl hidden-md hidden-sm hidden-ms hidden-xs\" style=\"height: 32px;\"><\/div>\t<div class=\"visible-md\" style=\"height: 32px;\"><\/div>\t<div class=\"visible-sm \" style=\"height: 32px;\"><\/div>\t<div class=\"visible-ms\" style=\"height: 32px;\"><\/div>\t<div class=\"visible-xs\" style=\"height: 32px;\"><\/div><\/div><div class=\"ltx-content-width col-align-left\" id=\"like_sc_content_width_1681651718\" style=\"max-width: 600px\"><div class=\"ltx-wrapper\">\n\t<div class=\"wpb_text_column wpb_content_element\" >\n\t\t<div class=\"wpb_wrapper\">\n\t\t\t<p>Spoty radiowe, nagrania lektor\u00f3w i wokalist\u00f3w, komponowanie muzyki do reklam, gier i film\u00f3w.<\/p>\n\n\t\t<\/div>\n\t<\/div>\n<\/div><\/div><div class=\"es-resp\">\t<div class=\"visible-xl\" style=\"height: 64px;\"><\/div>\t<div class=\"hidden-xl hidden-md hidden-sm hidden-ms hidden-xs\" style=\"height: 64px;\"><\/div>\t<div class=\"visible-md\" style=\"height: 64px;\"><\/div>\t<div class=\"visible-sm \" style=\"height: 64px;\"><\/div>\t<div class=\"visible-ms\" style=\"height: 64px;\"><\/div>\t<div class=\"visible-xs\" style=\"height: 64px;\"><\/div><\/div><div class=\"btn-wrap btn-wrap-inline\">\n\t<a href=\"#studio_sec\"  class=\"btn  btn-main color-hover-white\" id=\"like_sc_button_90710256\">zobacz wi\u0119cej<\/a><\/div><\/div><\/div><\/div><\/div><div class=\"vc_row wpb_row vc_row-fluid\"><div class=\"wpb_column vc_column_container vc_col-sm-12\"><div class=\"vc_column-inner\"><div class=\"wpb_wrapper\"><div class=\"es-resp\">\t<div class=\"visible-xl\" style=\"height: 250px;\"><\/div>\t<div class=\"hidden-xl hidden-md hidden-sm hidden-ms hidden-xs\" style=\"height: 250px;\"><\/div>\t<div class=\"visible-md\" style=\"height: 250px;\"><\/div>\t<div class=\"visible-sm \" style=\"height: 200px;\"><\/div>\t<div class=\"visible-ms\" style=\"height: 100px;\"><\/div>\t<div class=\"visible-xs\" style=\"height: 100px;\"><\/div><\/div><\/div><\/div><\/div><\/div>\n<\/div><\/div><span class=\"ltx-arrow-down\"><\/span><\/div><\/div><\/div><\/div><\/div><div class=\"vc_row-full-width vc_clearfix\"><\/div><section id=\"studio_sec\" data-vc-full-width=\"true\" data-vc-full-width-temp=\"true\" data-vc-full-width-init=\"false\" class=\"vc_section bg-color-gray bg-pos-center-center\"><div class=\"vc_row wpb_row vc_row-fluid\"><div class=\"wpb_column vc_column_container vc_col-sm-12\"><div class=\"vc_column-inner\"><div class=\"wpb_wrapper\"><div class=\"es-resp\">\t<div class=\"visible-xl\" style=\"height: 56px;\"><\/div>\t<div class=\"hidden-xl hidden-md hidden-sm hidden-ms hidden-xs\" style=\"height: 56px;\"><\/div>\t<div class=\"visible-md\" style=\"height: 56px;\"><\/div>\t<div class=\"visible-sm \" style=\"height: 56px;\"><\/div>\t<div class=\"visible-ms\" style=\"height: 56px;\"><\/div>\t<div class=\"visible-xs\" style=\"height: 56px;\"><\/div><\/div><div class=\"heading  header-subheader align-center subcolor-main transform-default has-subheader theme-icon-second icon-type-hidden heading-tag-h3\" id=\"like_sc_header_1177929362\"><h5 class=\"subheader ltx-sr-id-like_sc_header_11779293621243466206 ltx-sr ltx-sr-effect-fade_in ltx-sr-el-block ltx-sr-delay-100 ltx-sr-duration-300 ltx-sr-sequences-50\">Co robimy<\/h5><\/div><div class=\"es-resp\">\t<div class=\"visible-xl\" style=\"height: 8px;\"><\/div>\t<div class=\"hidden-xl hidden-md hidden-sm hidden-ms hidden-xs\" style=\"height: 8px;\"><\/div>\t<div class=\"visible-md\" style=\"height: 8px;\"><\/div>\t<div class=\"visible-sm \" style=\"height: 8px;\"><\/div>\t<div class=\"visible-ms\" style=\"height: 8px;\"><\/div>\t<div class=\"visible-xs\" style=\"height: 8px;\"><\/div><\/div><div class=\"services-sc services-slider layout-product ltx-style-gray\"  id=\"like_sc_services_644937825\" data-cols=\"3\" data-autoplay=\"0\"><div class=\"swiper-container\"><div class=\"swiper-wrapper\">\t\t\t\t<article class=\"swiper-slide\">\n\n\t\t\t\t\t<div class=\"ltx-inner\">\n\t\t\t\t\t\t<a href=\"https:\/\/elvisvantomato.com\/en\/services\/radio-tv-commercials\/\" class=\"photo\"><img fetchpriority=\"high\" decoding=\"async\" width=\"750\" height=\"525\" src=\"https:\/\/elvisvantomato.com\/wp-content\/uploads\/2019\/06\/radio-750x525.jpg\" class=\"attachment-recond-service size-recond-service wp-post-image\" alt=\"\" \/><span class=\"ltx-plus\"><\/span><\/a>\t\t\t\t\t    <div class=\"description\">\n\t\t\t\t\t        <a href=\"https:\/\/elvisvantomato.com\/en\/services\/radio-tv-commercials\/\" class=\"header\">\n\t\t\t\t\t        \t<h5 class=\"header\">Spoty radiowe &#038; Spoty TV<\/h5>\n\t\t\t\t\t        <\/a>\n\t\t\t\t        \t<p>\n\t\t\t\t        \t\tCurabitur fermentum vitae eros eu porta. Curabitur et risus egestas, vulputate lacus eget. \t\t\t\t        \t<\/p>\n\t\t\t\t\t        <a href=\"https:\/\/elvisvantomato.com\/en\/services\/radio-tv-commercials\/\" class=\"btn btn-xs\">Czytaj wi\u0119cej<\/a>\t\t\t\t\t    <\/div>    \n\t\t\t\t\t<\/div>\n\t\t\t\t<\/article>\t\n\t\t\t\t\t\t\t\t<article class=\"swiper-slide\">\n\n\t\t\t\t\t<div class=\"ltx-inner\">\n\t\t\t\t\t\t<a href=\"https:\/\/elvisvantomato.com\/en\/services\/sound-mixing-2\/\" class=\"photo\"><img decoding=\"async\" width=\"750\" height=\"525\" src=\"https:\/\/elvisvantomato.com\/wp-content\/uploads\/2019\/06\/firm-750x525.jpg\" class=\"attachment-recond-service size-recond-service wp-post-image\" alt=\"\" \/><span class=\"ltx-plus\"><\/span><\/a>\t\t\t\t\t    <div class=\"description\">\n\t\t\t\t\t        <a href=\"https:\/\/elvisvantomato.com\/en\/services\/sound-mixing-2\/\" class=\"header\">\n\t\t\t\t\t        \t<h5 class=\"header\">Prezentacje i Postprodukcja film\u00f3w<\/h5>\n\t\t\t\t\t        <\/a>\n\t\t\t\t        \t<p>\n\t\t\t\t        \t\tMorbi tempor tempor enim in tempor. Nulla vel arcu molestie, finibus nulla in, vehicula diam.\t\t\t\t        \t<\/p>\n\t\t\t\t\t        <a href=\"https:\/\/elvisvantomato.com\/en\/services\/sound-mixing-2\/\" class=\"btn btn-xs\">Czytaj wi\u0119cej<\/a>\t\t\t\t\t    <\/div>    \n\t\t\t\t\t<\/div>\n\t\t\t\t<\/article>\t\n\t\t\t\t\t\t\t\t<article class=\"swiper-slide\">\n\n\t\t\t\t\t<div class=\"ltx-inner\">\n\t\t\t\t\t\t<a href=\"https:\/\/elvisvantomato.com\/en\/services\/track-mastering-2\/\" class=\"photo\"><img decoding=\"async\" width=\"750\" height=\"525\" src=\"https:\/\/elvisvantomato.com\/wp-content\/uploads\/2019\/06\/vocal-750x525.jpg\" class=\"attachment-recond-service size-recond-service wp-post-image\" alt=\"\" \/><span class=\"ltx-plus\"><\/span><\/a>\t\t\t\t\t    <div class=\"description\">\n\t\t\t\t\t        <a href=\"https:\/\/elvisvantomato.com\/en\/services\/track-mastering-2\/\" class=\"header\">\n\t\t\t\t\t        \t<h5 class=\"header\">Nagrania wokalist\u00f3w i zespo\u0142\u00f3w<\/h5>\n\t\t\t\t\t        <\/a>\n\t\t\t\t        \t<p>\n\t\t\t\t        \t\tAliquam quis vulputate quam. Curabitur ut mauris eu libero pharetra iaculis finibus sit amet nunc.\t\t\t\t        \t<\/p>\n\t\t\t\t\t        <a href=\"https:\/\/elvisvantomato.com\/en\/services\/track-mastering-2\/\" class=\"btn btn-xs\">Czytaj wi\u0119cej<\/a>\t\t\t\t\t    <\/div>    \n\t\t\t\t\t<\/div>\n\t\t\t\t<\/article>\t\n\t\t\t\t\t\t\t\t<article class=\"swiper-slide\">\n\n\t\t\t\t\t<div class=\"ltx-inner\">\n\t\t\t\t\t\t<a href=\"https:\/\/elvisvantomato.com\/en\/services\/audio-editing\/\" class=\"photo\"><img loading=\"lazy\" decoding=\"async\" width=\"750\" height=\"525\" src=\"https:\/\/elvisvantomato.com\/wp-content\/uploads\/2019\/06\/6-750x525.jpg\" class=\"attachment-recond-service size-recond-service wp-post-image\" alt=\"\" \/><span class=\"ltx-plus\"><\/span><\/a>\t\t\t\t\t    <div class=\"description\">\n\t\t\t\t\t        <a href=\"https:\/\/elvisvantomato.com\/en\/services\/audio-editing\/\" class=\"header\">\n\t\t\t\t\t        \t<h5 class=\"header\">Produkcja muzyki<\/h5>\n\t\t\t\t\t        <\/a>\n\t\t\t\t        \t<p>\n\t\t\t\t        \t\tCurabitur fermentum vitae eros eu porta. Curabitur et risus egestas, vulputate lacus eget. \t\t\t\t        \t<\/p>\n\t\t\t\t\t        <a href=\"https:\/\/elvisvantomato.com\/en\/services\/audio-editing\/\" class=\"btn btn-xs\">Czytaj wi\u0119cej<\/a>\t\t\t\t\t    <\/div>    \n\t\t\t\t\t<\/div>\n\t\t\t\t<\/article>\t\n\t\t\t\t<\/div><\/div><div class=\"arrows\">\n\t\t\t\t<a href=\"#\" class=\"arrow-left fa fa-chevron-left\"><\/a>\n\t\t\t\t<a href=\"#\" class=\"arrow-right fa fa-chevron-right\"><\/a>\n\t\t\t<\/div><\/div><div class=\"es-resp\">\t<div class=\"visible-xl\" style=\"height: 130px;\"><\/div>\t<div class=\"hidden-xl hidden-md hidden-sm hidden-ms hidden-xs\" style=\"height: 130px;\"><\/div>\t<div class=\"visible-md\" style=\"height: 130px;\"><\/div>\t<div class=\"visible-sm \" style=\"height: 130px;\"><\/div>\t<div class=\"visible-ms\" style=\"height: 80px;\"><\/div>\t<div class=\"visible-xs\" style=\"height: 80px;\"><\/div><\/div><\/div><\/div><\/div><\/div><div data-vc-full-width=\"true\" data-vc-full-width-temp=\"true\" data-vc-full-width-init=\"false\" data-vc-stretch-content=\"true\" class=\"vc_row wpb_row vc_row-fluid ltx-background-animation vc_custom_1562006082147 vc_row-has-fill vc_row-no-padding\"><div class=\"wpb_column vc_column_container vc_col-sm-12\"><div class=\"vc_column-inner\"><div class=\"wpb_wrapper\"><div class=\"vc_row wpb_row vc_inner vc_row-fluid vc_custom_1562006047693 vc_row-has-fill\"><div class=\"wpb_column vc_column_container vc_col-sm-12\"><div class=\"vc_column-inner\"><div class=\"wpb_wrapper\"><div class=\"es-resp\">\t<div class=\"visible-xl\" style=\"height: 400px;\"><\/div>\t<div class=\"hidden-xl hidden-md hidden-sm hidden-ms hidden-xs\" style=\"height: 400px;\"><\/div>\t<div class=\"visible-md\" style=\"height: 400px;\"><\/div>\t<div class=\"visible-sm \" style=\"height: 400px;\"><\/div>\t<div class=\"visible-ms\" style=\"height: 400px;\"><\/div>\t<div class=\"visible-xs\" style=\"height: 400px;\"><\/div><\/div><\/div><\/div><\/div><\/div><\/div><\/div><\/div><\/div><div class=\"vc_row-full-width vc_clearfix\"><\/div><\/section><div class=\"vc_row-full-width vc_clearfix\"><\/div>\n<\/div>","protected":false},"excerpt":{"rendered":"Produkcja muzyki komercyjnej, korporacyjnej, do gier i film\u00f3w, na zam\u00f3wienie. Tworzymy muzyk\u0119 dla wokalist\u00f3w w kategorii: rock, industrial, alternative, trance, ethno, etc.","protected":false},"author":3,"featured_media":0,"parent":0,"menu_order":0,"comment_status":"closed","ping_status":"closed","template":"page-templates\/full-width.php","meta":{"inline_featured_image":false,"footnotes":""},"yoast_head":"<!-- This site is optimized with the Yoast SEO plugin v24.4 - https:\/\/yoast.com\/wordpress\/plugins\/seo\/ -->\n<title>Home - Studio nagra\u0144 Warszawa, spoty reklamowe, nagraniowe studio<\/title>\n<meta name=\"robots\" content=\"index, follow, max-snippet:-1, max-image-preview:large, max-video-preview:-1\" \/>\n<link rel=\"canonical\" href=\"https:\/\/elvisvantomato.com\/en\/\" \/>\n<meta property=\"og:locale\" content=\"en_US\" \/>\n<meta property=\"og:type\" content=\"article\" \/>\n<meta property=\"og:title\" content=\"Home - Studio nagra\u0144 Warszawa, spoty reklamowe, nagraniowe studio\" \/>\n<meta property=\"og:url\" content=\"https:\/\/elvisvantomato.com\/en\/\" \/>\n<meta property=\"og:site_name\" content=\"Studio nagra\u0144 Warszawa, spoty reklamowe, nagraniowe studio\" \/>\n<meta property=\"article:modified_time\" content=\"2023-11-15T06:12:40+00:00\" \/>\n<meta name=\"twitter:card\" content=\"summary_large_image\" \/>\n<meta name=\"twitter:label1\" content=\"Est. reading time\" \/>\n\t<meta name=\"twitter:data1\" content=\"1 minute\" \/>\n<script type=\"application\/ld+json\" class=\"yoast-schema-graph\">{\"@context\":\"https:\/\/schema.org\",\"@graph\":[{\"@type\":\"WebPage\",\"@id\":\"https:\/\/elvisvantomato.com\/\",\"url\":\"https:\/\/elvisvantomato.com\/\",\"name\":\"Home - Studio nagra\u0144 Warszawa, spoty reklamowe, nagraniowe studio\",\"isPartOf\":{\"@id\":\"https:\/\/elvisvantomato.com\/#website\"},\"datePublished\":\"2019-01-30T20:21:33+00:00\",\"dateModified\":\"2023-11-15T06:12:40+00:00\",\"breadcrumb\":{\"@id\":\"https:\/\/elvisvantomato.com\/#breadcrumb\"},\"inLanguage\":\"en-US\",\"potentialAction\":[{\"@type\":\"ReadAction\",\"target\":[\"https:\/\/elvisvantomato.com\/\"]}]},{\"@type\":\"BreadcrumbList\",\"@id\":\"https:\/\/elvisvantomato.com\/#breadcrumb\",\"itemListElement\":[{\"@type\":\"ListItem\",\"position\":1,\"name\":\"Strona g\u0142\u00f3wna\",\"item\":\"https:\/\/elvisvantomato.com\/\"},{\"@type\":\"ListItem\",\"position\":2,\"name\":\"Home\"}]},{\"@type\":\"WebSite\",\"@id\":\"https:\/\/elvisvantomato.com\/#website\",\"url\":\"https:\/\/elvisvantomato.com\/\",\"name\":\"Studio nagra\u0144 Warszawa, spoty reklamowe, nagraniowe studio\",\"description\":\"Studio nagra\u0144 Warszawa, spoty reklamowe, nagraniowe studio\",\"potentialAction\":[{\"@type\":\"SearchAction\",\"target\":{\"@type\":\"EntryPoint\",\"urlTemplate\":\"https:\/\/elvisvantomato.com\/?s={search_term_string}\"},\"query-input\":{\"@type\":\"PropertyValueSpecification\",\"valueRequired\":true,\"valueName\":\"search_term_string\"}}],\"inLanguage\":\"en-US\"}]}<\/script>\n<!-- \/ Yoast SEO plugin. -->","yoast_head_json":{"title":"Home - Studio nagra\u0144 Warszawa, spoty reklamowe, nagraniowe studio","robots":{"index":"index","follow":"follow","max-snippet":"max-snippet:-1","max-image-preview":"max-image-preview:large","max-video-preview":"max-video-preview:-1"},"canonical":"https:\/\/elvisvantomato.com\/en\/","og_locale":"en_US","og_type":"article","og_title":"Home - Studio nagra\u0144 Warszawa, spoty reklamowe, nagraniowe studio","og_url":"https:\/\/elvisvantomato.com\/en\/","og_site_name":"Studio nagra\u0144 Warszawa, spoty reklamowe, nagraniowe studio","article_modified_time":"2023-11-15T06:12:40+00:00","twitter_card":"summary_large_image","twitter_misc":{"Est. reading time":"1 minute"},"schema":{"@context":"https:\/\/schema.org","@graph":[{"@type":"WebPage","@id":"https:\/\/elvisvantomato.com\/","url":"https:\/\/elvisvantomato.com\/","name":"Home - Studio nagra\u0144 Warszawa, spoty reklamowe, nagraniowe studio","isPartOf":{"@id":"https:\/\/elvisvantomato.com\/#website"},"datePublished":"2019-01-30T20:21:33+00:00","dateModified":"2023-11-15T06:12:40+00:00","breadcrumb":{"@id":"https:\/\/elvisvantomato.com\/#breadcrumb"},"inLanguage":"en-US","potentialAction":[{"@type":"ReadAction","target":["https:\/\/elvisvantomato.com\/"]}]},{"@type":"BreadcrumbList","@id":"https:\/\/elvisvantomato.com\/#breadcrumb","itemListElement":[{"@type":"ListItem","position":1,"name":"Strona g\u0142\u00f3wna","item":"https:\/\/elvisvantomato.com\/"},{"@type":"ListItem","position":2,"name":"Home"}]},{"@type":"WebSite","@id":"https:\/\/elvisvantomato.com\/#website","url":"https:\/\/elvisvantomato.com\/","name":"Studio nagra\u0144 Warszawa, spoty reklamowe, nagraniowe studio","description":"Studio nagra\u0144 Warszawa, spoty reklamowe, nagraniowe studio","potentialAction":[{"@type":"SearchAction","target":{"@type":"EntryPoint","urlTemplate":"https:\/\/elvisvantomato.com\/?s={search_term_string}"},"query-input":{"@type":"PropertyValueSpecification","valueRequired":true,"valueName":"search_term_string"}}],"inLanguage":"en-US"}]}},"_links":{"self":[{"href":"https:\/\/elvisvantomato.com\/en\/wp-json\/wp\/v2\/pages\/7925"}],"collection":[{"href":"https:\/\/elvisvantomato.com\/en\/wp-json\/wp\/v2\/pages"}],"about":[{"href":"https:\/\/elvisvantomato.com\/en\/wp-json\/wp\/v2\/types\/page"}],"author":[{"embeddable":true,"href":"https:\/\/elvisvantomato.com\/en\/wp-json\/wp\/v2\/users\/3"}],"replies":[{"embeddable":true,"href":"https:\/\/elvisvantomato.com\/en\/wp-json\/wp\/v2\/comments?post=7925"}],"version-history":[{"count":7,"href":"https:\/\/elvisvantomato.com\/en\/wp-json\/wp\/v2\/pages\/7925\/revisions"}],"predecessor-version":[{"id":10547,"href":"https:\/\/elvisvantomato.com\/en\/wp-json\/wp\/v2\/pages\/7925\/revisions\/10547"}],"wp:attachment":[{"href":"https:\/\/elvisvantomato.com\/en\/wp-json\/wp\/v2\/media?parent=7925"}],"curies":[{"name":"wp","href":"https:\/\/api.w.org\/{rel}","templated":true}]}}