{"id":10340,"date":"2023-11-09T05:53:57","date_gmt":"2023-11-09T05:53:57","guid":{"rendered":"https:\/\/elvisvantomato.com\/?page_id=10340"},"modified":"2023-11-10T11:15:42","modified_gmt":"2023-11-10T11:15:42","slug":"offer","status":"publish","type":"page","link":"https:\/\/elvisvantomato.com\/en\/offer\/","title":{"rendered":"Offer"},"content":{"rendered":"<div data-elementor-type=\"wp-page\" data-elementor-id=\"10340\" class=\"elementor elementor-10340\">\n\t\t\t\t<div class=\"elementor-element elementor-element-1d58ae1 e-con-full e-flex e-con e-parent\" data-id=\"1d58ae1\" data-element_type=\"container\">\n\t\t\t\t<div class=\"elementor-element elementor-element-260fe53 elementor-widget elementor-widget-text-editor\" data-id=\"260fe53\" data-element_type=\"widget\" data-widget_type=\"text-editor.default\">\n\t\t\t\t<div class=\"elementor-widget-container\">\n\t\t\t\t\t\t\t\t\t<p>Advertising spot\/local broadcast\u00a0 <br \/>Advertising spot\/national or network broadcast\u00a0 <br \/>Advertising spot\/broadcast Europe\/world (foreign languages)<br \/>Voiceover for movies, presentations and series<br \/>Sound design for films, presentations, radio plays - full post-production and sound design<br \/>Composed music<br \/>Recording multimedia, books, radio plays in English. Polish, German, English<br \/>Sound effects composed\u00a0<br \/>Telephone exchanges\u00a0<br \/>Website audio.\u00a0 <br \/>Copying media along with processing\u00a0<br \/>Denoising audio material\u00a0 <br \/>Individual musicians and bands\u00a0<br \/>Sound design for films, large presentations, adaptations of games and cartoons\u00a0<br \/>Sound effects for TV spots<\/p>\t\t\t\t\t\t\t\t<\/div>\n\t\t\t\t<\/div>\n\t\t\t\t<\/div>\n\t\t\t\t<\/div>","protected":false},"excerpt":{"rendered":"<p>Spot reklamowy\u00a0\/\u00a0emisja lokalna\u00a0 Spot reklamowy\u00a0\/\u00a0emisja og\u00f3lnopolska, lub sieciowa\u00a0 Spot reklamowy\u00a0\/\u00a0emisja Europa\/\u015bwiat ( obcoj\u0119zyczne )Voiceover do film\u00f3w, prezentacji i serialiUd\u017awi\u0119kowienia film\u00f3w, prezentacji, s\u0142uchowisk \u2013 pe\u0142na postprodukcja, oraz sound designMuzyka komponowanaNagrywanie multimedi\u00f3w, ksi\u0105\u017cek, s\u0142uchowisk w j\u0119z. polskim, niemieckim, angielskimEfekty d\u017awi\u0119kowe komponowane\u00a0Centrale telefoniczne\u00a0Ud\u017awi\u0119kowienie strony www.\u00a0 Przegrywanie no\u015bnik\u00f3w wraz z obr\u00f3bk\u0105\u00a0Odszumianie materia\u0142u d\u017awi\u0119kowego\u00a0 Muzycy indywidualni i zespo\u0142y\u00a0Ud\u017awi\u0119kowienia film\u00f3w, du\u017cych prezentacji, adaptacje gier i bajek\u00a0Ud\u017awi\u0119kowienia spot\u00f3w TV<\/p>","protected":false},"author":3,"featured_media":0,"parent":0,"menu_order":0,"comment_status":"closed","ping_status":"closed","template":"","meta":{"inline_featured_image":false,"footnotes":""},"yoast_head":"<!-- This site is optimized with the Yoast SEO plugin v24.4 - https:\/\/yoast.com\/wordpress\/plugins\/seo\/ -->\n<title>Oferta - Studio nagra\u0144 Warszawa, spoty reklamowe, nagraniowe studio<\/title>\n<meta name=\"robots\" content=\"index, follow, max-snippet:-1, max-image-preview:large, max-video-preview:-1\" \/>\n<link rel=\"canonical\" href=\"https:\/\/elvisvantomato.com\/en\/offer\/\" \/>\n<meta property=\"og:locale\" content=\"en_US\" \/>\n<meta property=\"og:type\" content=\"article\" \/>\n<meta property=\"og:title\" content=\"Oferta - Studio nagra\u0144 Warszawa, spoty reklamowe, nagraniowe studio\" \/>\n<meta property=\"og:description\" content=\"Spot reklamowy\u00a0\/\u00a0emisja lokalna\u00a0 Spot reklamowy\u00a0\/\u00a0emisja og\u00f3lnopolska, lub sieciowa\u00a0 Spot reklamowy\u00a0\/\u00a0emisja Europa\/\u015bwiat ( obcoj\u0119zyczne )Voiceover do film\u00f3w, prezentacji i serialiUd\u017awi\u0119kowienia film\u00f3w, prezentacji, s\u0142uchowisk \u2013 pe\u0142na postprodukcja, oraz sound designMuzyka komponowanaNagrywanie multimedi\u00f3w, ksi\u0105\u017cek, s\u0142uchowisk w j\u0119z. polskim, niemieckim, angielskimEfekty d\u017awi\u0119kowe komponowane\u00a0Centrale telefoniczne\u00a0Ud\u017awi\u0119kowienie strony www.\u00a0 Przegrywanie no\u015bnik\u00f3w wraz z obr\u00f3bk\u0105\u00a0Odszumianie materia\u0142u d\u017awi\u0119kowego\u00a0 Muzycy indywidualni i zespo\u0142y\u00a0Ud\u017awi\u0119kowienia film\u00f3w, du\u017cych prezentacji, adaptacje gier i bajek\u00a0Ud\u017awi\u0119kowienia spot\u00f3w TV\" \/>\n<meta property=\"og:url\" content=\"https:\/\/elvisvantomato.com\/en\/offer\/\" \/>\n<meta property=\"og:site_name\" content=\"Studio nagra\u0144 Warszawa, spoty reklamowe, nagraniowe studio\" \/>\n<meta property=\"article:modified_time\" content=\"2023-11-10T11:15:42+00:00\" \/>\n<meta name=\"twitter:card\" content=\"summary_large_image\" \/>\n<meta name=\"twitter:label1\" content=\"Est. reading time\" \/>\n\t<meta name=\"twitter:data1\" content=\"1 minute\" \/>\n<script type=\"application\/ld+json\" class=\"yoast-schema-graph\">{\"@context\":\"https:\/\/schema.org\",\"@graph\":[{\"@type\":\"WebPage\",\"@id\":\"https:\/\/elvisvantomato.com\/offer\/\",\"url\":\"https:\/\/elvisvantomato.com\/offer\/\",\"name\":\"Oferta - Studio nagra\u0144 Warszawa, spoty reklamowe, nagraniowe studio\",\"isPartOf\":{\"@id\":\"https:\/\/elvisvantomato.com\/#website\"},\"datePublished\":\"2023-11-09T05:53:57+00:00\",\"dateModified\":\"2023-11-10T11:15:42+00:00\",\"breadcrumb\":{\"@id\":\"https:\/\/elvisvantomato.com\/offer\/#breadcrumb\"},\"inLanguage\":\"en-US\",\"potentialAction\":[{\"@type\":\"ReadAction\",\"target\":[\"https:\/\/elvisvantomato.com\/offer\/\"]}]},{\"@type\":\"BreadcrumbList\",\"@id\":\"https:\/\/elvisvantomato.com\/offer\/#breadcrumb\",\"itemListElement\":[{\"@type\":\"ListItem\",\"position\":1,\"name\":\"Strona g\u0142\u00f3wna\",\"item\":\"https:\/\/elvisvantomato.com\/\"},{\"@type\":\"ListItem\",\"position\":2,\"name\":\"Oferta\"}]},{\"@type\":\"WebSite\",\"@id\":\"https:\/\/elvisvantomato.com\/#website\",\"url\":\"https:\/\/elvisvantomato.com\/\",\"name\":\"Studio nagra\u0144 Warszawa, spoty reklamowe, nagraniowe studio\",\"description\":\"Studio nagra\u0144 Warszawa, spoty reklamowe, nagraniowe studio\",\"potentialAction\":[{\"@type\":\"SearchAction\",\"target\":{\"@type\":\"EntryPoint\",\"urlTemplate\":\"https:\/\/elvisvantomato.com\/?s={search_term_string}\"},\"query-input\":{\"@type\":\"PropertyValueSpecification\",\"valueRequired\":true,\"valueName\":\"search_term_string\"}}],\"inLanguage\":\"en-US\"}]}<\/script>\n<!-- \/ Yoast SEO plugin. -->","yoast_head_json":{"title":"Oferta - Studio nagra\u0144 Warszawa, spoty reklamowe, nagraniowe studio","robots":{"index":"index","follow":"follow","max-snippet":"max-snippet:-1","max-image-preview":"max-image-preview:large","max-video-preview":"max-video-preview:-1"},"canonical":"https:\/\/elvisvantomato.com\/en\/offer\/","og_locale":"en_US","og_type":"article","og_title":"Oferta - Studio nagra\u0144 Warszawa, spoty reklamowe, nagraniowe studio","og_description":"Spot reklamowy\u00a0\/\u00a0emisja lokalna\u00a0 Spot reklamowy\u00a0\/\u00a0emisja og\u00f3lnopolska, lub sieciowa\u00a0 Spot reklamowy\u00a0\/\u00a0emisja Europa\/\u015bwiat ( obcoj\u0119zyczne )Voiceover do film\u00f3w, prezentacji i serialiUd\u017awi\u0119kowienia film\u00f3w, prezentacji, s\u0142uchowisk \u2013 pe\u0142na postprodukcja, oraz sound designMuzyka komponowanaNagrywanie multimedi\u00f3w, ksi\u0105\u017cek, s\u0142uchowisk w j\u0119z. polskim, niemieckim, angielskimEfekty d\u017awi\u0119kowe komponowane\u00a0Centrale telefoniczne\u00a0Ud\u017awi\u0119kowienie strony www.\u00a0 Przegrywanie no\u015bnik\u00f3w wraz z obr\u00f3bk\u0105\u00a0Odszumianie materia\u0142u d\u017awi\u0119kowego\u00a0 Muzycy indywidualni i zespo\u0142y\u00a0Ud\u017awi\u0119kowienia film\u00f3w, du\u017cych prezentacji, adaptacje gier i bajek\u00a0Ud\u017awi\u0119kowienia spot\u00f3w TV","og_url":"https:\/\/elvisvantomato.com\/en\/offer\/","og_site_name":"Studio nagra\u0144 Warszawa, spoty reklamowe, nagraniowe studio","article_modified_time":"2023-11-10T11:15:42+00:00","twitter_card":"summary_large_image","twitter_misc":{"Est. reading time":"1 minute"},"schema":{"@context":"https:\/\/schema.org","@graph":[{"@type":"WebPage","@id":"https:\/\/elvisvantomato.com\/offer\/","url":"https:\/\/elvisvantomato.com\/offer\/","name":"Oferta - Studio nagra\u0144 Warszawa, spoty reklamowe, nagraniowe studio","isPartOf":{"@id":"https:\/\/elvisvantomato.com\/#website"},"datePublished":"2023-11-09T05:53:57+00:00","dateModified":"2023-11-10T11:15:42+00:00","breadcrumb":{"@id":"https:\/\/elvisvantomato.com\/offer\/#breadcrumb"},"inLanguage":"en-US","potentialAction":[{"@type":"ReadAction","target":["https:\/\/elvisvantomato.com\/offer\/"]}]},{"@type":"BreadcrumbList","@id":"https:\/\/elvisvantomato.com\/offer\/#breadcrumb","itemListElement":[{"@type":"ListItem","position":1,"name":"Strona g\u0142\u00f3wna","item":"https:\/\/elvisvantomato.com\/"},{"@type":"ListItem","position":2,"name":"Oferta"}]},{"@type":"WebSite","@id":"https:\/\/elvisvantomato.com\/#website","url":"https:\/\/elvisvantomato.com\/","name":"Studio nagra\u0144 Warszawa, spoty reklamowe, nagraniowe studio","description":"Studio nagra\u0144 Warszawa, spoty reklamowe, nagraniowe studio","potentialAction":[{"@type":"SearchAction","target":{"@type":"EntryPoint","urlTemplate":"https:\/\/elvisvantomato.com\/?s={search_term_string}"},"query-input":{"@type":"PropertyValueSpecification","valueRequired":true,"valueName":"search_term_string"}}],"inLanguage":"en-US"}]}},"_links":{"self":[{"href":"https:\/\/elvisvantomato.com\/en\/wp-json\/wp\/v2\/pages\/10340"}],"collection":[{"href":"https:\/\/elvisvantomato.com\/en\/wp-json\/wp\/v2\/pages"}],"about":[{"href":"https:\/\/elvisvantomato.com\/en\/wp-json\/wp\/v2\/types\/page"}],"author":[{"embeddable":true,"href":"https:\/\/elvisvantomato.com\/en\/wp-json\/wp\/v2\/users\/3"}],"replies":[{"embeddable":true,"href":"https:\/\/elvisvantomato.com\/en\/wp-json\/wp\/v2\/comments?post=10340"}],"version-history":[{"count":5,"href":"https:\/\/elvisvantomato.com\/en\/wp-json\/wp\/v2\/pages\/10340\/revisions"}],"predecessor-version":[{"id":10503,"href":"https:\/\/elvisvantomato.com\/en\/wp-json\/wp\/v2\/pages\/10340\/revisions\/10503"}],"wp:attachment":[{"href":"https:\/\/elvisvantomato.com\/en\/wp-json\/wp\/v2\/media?parent=10340"}],"curies":[{"name":"wp","href":"https:\/\/api.w.org\/{rel}","templated":true}]}}