{"id":10323,"date":"2023-11-09T05:44:55","date_gmt":"2023-11-09T05:44:55","guid":{"rendered":"https:\/\/elvisvantomato.com\/?page_id=10323"},"modified":"2023-11-10T11:15:15","modified_gmt":"2023-11-10T11:15:15","slug":"about-us","status":"publish","type":"page","link":"https:\/\/elvisvantomato.com\/en\/about-us\/","title":{"rendered":"About us"},"content":{"rendered":"<div data-elementor-type=\"wp-page\" data-elementor-id=\"10323\" class=\"elementor elementor-10323\">\n\t\t\t\t<div class=\"elementor-element elementor-element-1d58ae1 e-con-full e-flex e-con e-parent\" data-id=\"1d58ae1\" data-element_type=\"container\">\n\t\t\t\t<div class=\"elementor-element elementor-element-260fe53 elementor-widget elementor-widget-text-editor\" data-id=\"260fe53\" data-element_type=\"widget\" data-widget_type=\"text-editor.default\">\n\t\t\t\t<div class=\"elementor-widget-container\">\n\t\t\t\t\t\t\t\t\t<p>Studio Elvis van Tomato was established in the spring of 1996 in Szczecin as a result of the merger of two small design studios, Kakadu and Cytrus. From the very beginning, the idea was to combine artistic activities associated with music production, recording CDs and demo materials with commercial (advertising) activities. Taking advantage of the fact that commercial radio stations began to appear on the local market, such as Radio ABC and PSR, the studio began to grow up. Based on these stations as well as Polskie Radio Szczecin, the studio began to dynamically exploit the radio commercial market. Soon contacts were established with most of the actors and lecturers from Szczecin. We conducted professional castings and hired copywrighters, and the studio became self-sufficient in the production of radio advertising. We would like to thank all actors, musicians, lyricists and producers for their cooperation, without which we would not have such a rich offer. Actors with whom the studio cooperated: Kasia Bujakiewicz, Jacek Polaczek, Bo\u017cenka Furczyk, Grzegorz M\u0142udzik, Konrad Pawicki, Ewa Sobczak, Kasia Bieschke, Arek Buszko, Pawe\u0142 \u017bychowski, Wies\u0142aw \u0141\u0105giewka, Przemek Walich, Zbyszek Filary, Adam Dzieciniak, Micha\u0142 Janicki, S\u0142awek Ko\u0142akowski, Jacek Piotrowski, Katarzyna Sadowska, Maria D\u0105browska, Ania Januszewska, Gra\u017cyna Madej, Magda Myszkiewicz, Pawe\u0142 Niczewski, Wies\u0142aw Or\u0142owski, Tatiana Malinowska, Jacek Zawadzki.<br \/>Then, radio and television Voiceover Talents joined the team, including: Stanis\u0142aw Heropolita\u0144ski and Jaromir Sosnkowski.<br \/>Do roku 2000 studio wyprodukowa\u0142o ok.1000 produkcji multimedialnych.<br \/>Then, radio and television Voiceover Talents joined the team, including: Stanis\u0142aw Heropolita\u0144ski and Jaromir Sosnkowski.\nBy 2000, the studio produced approximately 1,000 multimedia productions.\nCooperation was undertaken, among others, with Techland (Tell me More, Tell me More Kids, \"W\u00f3jek Albert's magical album with the late Henryk Machalica in the main role, Location and voice-over recordings for the game Tony Tough\" - 36 voices, over 9,000 voice-over lines, fairy tales: T\u0119czowa Rybka, Smurfs, Mosquito the Barbarian, Alice in Wonderland Pet Racer, Pet Soccer English and Polish versions). Cooperation was established with the Komfort company - over 300 radio spots, and commercial music vol. 1-16, with Polskie Radio PR I for sound recording of \u201eLato z radiem\u201d program, and production of over 100 radio spots for the program, and with over 400 individual clients.<\/p><p>There were also orders to compose music for commercials, shows and multimedia productions.<\/p><p>In the years 2000-2005, the studio operated Telekomunikacja Polska, creating all recordings for telephone switchboards (programs, horoscopes, info, fairy tales for children, etc.).\nAs well as recordings of timetables for PKP and PKS.<br \/>Jak r\u00f3wnie\u017c nagrania rozk\u0142ad\u00f3w jazdy dla PKP i PKS. 2000-2003r.<\/p><p>In 2001 Elvis van Tomato supported the radio election campaign of 3 parties in the province. West Pomeranian Voivodeship. Within 7 days, it produced 130 radio spots along with the logistics of running a campaign in 7 radio stations, recordings of 103 candidates and copywriting.<\/p><p>Since 2003, the Elvis van Tomato studio has expanded its services to include foreign-language recordings immediately after a large order. Recordings of the first Polish-English multimedia dictionary in Poland. A total of 28,000 words and phrases.<\/p><p>In the years 2003-2012 over 250 language courses have been recorded in English, German, French, Spanish and Chinese, which were published on the market through Rzeczpospolita, Gazeta Wyborcza, Empik, Media Markt, or which themselves create an independent multimedia product.<\/p><p>In 2004, the studio began recording audiobooks, including The Teutonic Knights, The Doll, The Trilogy, The Peasants, Nad Niemnem, Ferdydurke, Odprawy Pos\u0142\u00f3w Grackich, Persephone.<\/p><p>2004, among others further cartoons were voiced: Mi\u015b Uszatek, Reksio for Polish Radio, and cooperation with the MTJ company was established. A series of audiobooks for children was created, where Elvis van Tomato created the texts (thanks to Ms. Ula Piotrowska and Ewelina Kowalska for wonderful adaptations), music, effects, and voice-over.<\/p><p>They were: Thumbelina, Mole, Little Red Riding Hood, Snow Queen.<\/p><p>In 2004, we composed and recorded a whole set of festive and patriotic songs, also released by MTJ, and then another cycle of patriotic music for Rosmedia.\nDuring this period, cooperation was also established with several significant agencies in Poland. Among others Oscar Wegner, Byss, ADV, DCS, Mindchili, and K2.<br \/>W tym okresie nawi\u0105zano te\u017c wsp\u00f3\u0142prac\u0119 z kilkoma znacz\u0105cymi agencjami w Polsce. M.in. Oscar Wegner, Byss, ADV, DCS, Mindchili, w p\u00f3\u017aniejszym czasie K2. Wtedy narodzi\u0142 si\u0119 pomys\u0142 rozszerzenia us\u0142ug Elvis van Tomato o reklam\u0119 wizualn\u0105, grafik\u0119 2 i 3D, animacj\u0119 komputerow\u0105, zdj\u0119cia, oraz film.<\/p><p>2004-2012 the studio implements increasingly larger advertising campaigns based on sound, image, graphics, creation and logistics.<br \/>The studio acquires many new, previously unattainable clients, such as Vast Bouw (6 advertising campaigns), PKO BP bank - image campaign, MCI Management internet services from 2005-2012. WUP \u2013 4 advertising films, Bemo Motors \u2013 4 instructional and promotional films, each 40 minutes long. Unia Pharm \u2013 image campaign of children's medicines \"\u017babka Buba\" and the V-QR dietary supplement.\nThank you for your trust.<br \/>Dzi\u0119kujemy za zaufanie.<\/p><p>In 2004, the studio started cooperation with Gazeta Wyborcza, Rzeczypospolita, Kurier Szczeci\u0144ski and Dziennik Wschodni - radio commercials.<\/p><p>From 2006-2008 studio postproduced TV programs - Wedding TV Poland, Wedding TV Russia. Over 800 jingles for thematic programs were created. We would like to thank Ewa Sobczak, Jarek Sosnkowski, Tatiana Malinowska and Staszek Heropolita\u0144ski for their cooperation. In 2011 the studio produced the first full election campaign in the province. West Pomeranian Voivodeship, which includes 32 radio spots and 30 TV spots.<\/p><p>In the years 2012-1016, we focused on continuing our activities mainly in the audio field, i.e. post-production, voice-over recordings, sound design, as well as on creating music for games, films and presentations.<br \/>W latach 2012-1016 skupili\u015bmy si\u0119 na kontynuacji dzia\u0142alno\u015bci g\u0142\u00f3wnie w sferze audio, czyli postprodukcji, nagra\u0144 lektorskich, ud\u017awi\u0119kowie\u0144, a tak\u017ce na tworzeniu muzyki do gier, film\u00f3w, prezentacji.<br \/>Currently, since the end of 2017 the studio moved its headquarters to Warsaw. We focus on audio productions. We develop cooperation with studios throughout Europe, creating the so-called Sound Hub, a recording complex that allows European clients to make voice-over recordings in many languages with the help of Elvis van Tomato - studio.<\/p>\t\t\t\t\t\t\t\t<\/div>\n\t\t\t\t<\/div>\n\t\t\t\t<\/div>\n\t\t\t\t<\/div>","protected":false},"excerpt":{"rendered":"<p>Studio Elvis van Tomato powsta\u0142o na wiosn\u0119 1996 roku w Szczecinie z po\u0142\u0105czenia dw\u00f3ch ma\u0142ych projektowych studi\u00f3w Kakadu i Cytrus. Od samego pocz\u0105tku za\u0142o\u017ceniem sta\u0142o si\u0119, aby po\u0142\u0105czy\u0107 dzia\u0142alno\u015b\u0107 artystyczn\u0105 kojarzon\u0105 z produkcj\u0105 muzyki, rejestracj\u0105 p\u0142yt i materia\u0142\u00f3w demo z dzia\u0142alno\u015bci\u0105 komercyjn\u0105 (reklamow\u0105). Korzystaj\u0105c z faktu, \u017ce na lokalnym rynku zacz\u0119\u0142y powstawa\u0107 komercyjne rozg\u0142o\u015bnie radiowe, takie jak Radio ABC, PSR. W oparciu o te stacje jak r\u00f3wnie\u017c o Polskie Radio Szczecin studio rozpocz\u0119\u0142o pr\u0119\u017cnie eksploatowa\u0107 rynek spot\u00f3w radiowych. Wkr\u00f3tce nawi\u0105zano kontakty z wi\u0119kszo\u015bci\u0105 szczeci\u0144skich aktor\u00f3w i lektor\u00f3w. Przeprowadzono profesjonalne castingi, zatrudniaj\u0105c copywrighter\u00f3w, studio sta\u0142o si\u0119 samowystarczalne w produkcji reklamy radiowej. [&hellip;]<\/p>\n","protected":false},"author":3,"featured_media":0,"parent":0,"menu_order":0,"comment_status":"closed","ping_status":"closed","template":"elementor_header_footer","meta":{"inline_featured_image":false,"footnotes":""},"yoast_head":"<!-- This site is optimized with the Yoast SEO plugin v24.4 - https:\/\/yoast.com\/wordpress\/plugins\/seo\/ -->\n<title>O nas - Studio nagra\u0144 Warszawa, spoty reklamowe, nagraniowe studio<\/title>\n<meta name=\"robots\" content=\"index, follow, max-snippet:-1, max-image-preview:large, max-video-preview:-1\" \/>\n<link rel=\"canonical\" href=\"https:\/\/elvisvantomato.com\/en\/about-us\/\" \/>\n<meta property=\"og:locale\" content=\"en_US\" \/>\n<meta property=\"og:type\" content=\"article\" \/>\n<meta property=\"og:title\" content=\"O nas - Studio nagra\u0144 Warszawa, spoty reklamowe, nagraniowe studio\" \/>\n<meta property=\"og:description\" content=\"Studio Elvis van Tomato powsta\u0142o na wiosn\u0119 1996 roku w Szczecinie z po\u0142\u0105czenia dw\u00f3ch ma\u0142ych projektowych studi\u00f3w Kakadu i Cytrus. Od samego pocz\u0105tku za\u0142o\u017ceniem sta\u0142o si\u0119, aby po\u0142\u0105czy\u0107 dzia\u0142alno\u015b\u0107 artystyczn\u0105 kojarzon\u0105 z produkcj\u0105 muzyki, rejestracj\u0105 p\u0142yt i materia\u0142\u00f3w demo z dzia\u0142alno\u015bci\u0105 komercyjn\u0105 (reklamow\u0105). Korzystaj\u0105c z faktu, \u017ce na lokalnym rynku zacz\u0119\u0142y powstawa\u0107 komercyjne rozg\u0142o\u015bnie radiowe, takie jak Radio ABC, PSR. W oparciu o te stacje jak r\u00f3wnie\u017c o Polskie Radio Szczecin studio rozpocz\u0119\u0142o pr\u0119\u017cnie eksploatowa\u0107 rynek spot\u00f3w radiowych. Wkr\u00f3tce nawi\u0105zano kontakty z wi\u0119kszo\u015bci\u0105 szczeci\u0144skich aktor\u00f3w i lektor\u00f3w. Przeprowadzono profesjonalne castingi, zatrudniaj\u0105c copywrighter\u00f3w, studio sta\u0142o si\u0119 samowystarczalne w produkcji reklamy radiowej. [&hellip;]\" \/>\n<meta property=\"og:url\" content=\"https:\/\/elvisvantomato.com\/en\/about-us\/\" \/>\n<meta property=\"og:site_name\" content=\"Studio nagra\u0144 Warszawa, spoty reklamowe, nagraniowe studio\" \/>\n<meta property=\"article:modified_time\" content=\"2023-11-10T11:15:15+00:00\" \/>\n<meta name=\"twitter:card\" content=\"summary_large_image\" \/>\n<meta name=\"twitter:label1\" content=\"Est. reading time\" \/>\n\t<meta name=\"twitter:data1\" content=\"5 minutes\" \/>\n<script type=\"application\/ld+json\" class=\"yoast-schema-graph\">{\"@context\":\"https:\/\/schema.org\",\"@graph\":[{\"@type\":\"WebPage\",\"@id\":\"https:\/\/elvisvantomato.com\/about-us\/\",\"url\":\"https:\/\/elvisvantomato.com\/about-us\/\",\"name\":\"O nas - Studio nagra\u0144 Warszawa, spoty reklamowe, nagraniowe studio\",\"isPartOf\":{\"@id\":\"https:\/\/elvisvantomato.com\/#website\"},\"datePublished\":\"2023-11-09T05:44:55+00:00\",\"dateModified\":\"2023-11-10T11:15:15+00:00\",\"breadcrumb\":{\"@id\":\"https:\/\/elvisvantomato.com\/about-us\/#breadcrumb\"},\"inLanguage\":\"en-US\",\"potentialAction\":[{\"@type\":\"ReadAction\",\"target\":[\"https:\/\/elvisvantomato.com\/about-us\/\"]}]},{\"@type\":\"BreadcrumbList\",\"@id\":\"https:\/\/elvisvantomato.com\/about-us\/#breadcrumb\",\"itemListElement\":[{\"@type\":\"ListItem\",\"position\":1,\"name\":\"Strona g\u0142\u00f3wna\",\"item\":\"https:\/\/elvisvantomato.com\/\"},{\"@type\":\"ListItem\",\"position\":2,\"name\":\"O nas\"}]},{\"@type\":\"WebSite\",\"@id\":\"https:\/\/elvisvantomato.com\/#website\",\"url\":\"https:\/\/elvisvantomato.com\/\",\"name\":\"Studio nagra\u0144 Warszawa, spoty reklamowe, nagraniowe studio\",\"description\":\"Studio nagra\u0144 Warszawa, spoty reklamowe, nagraniowe studio\",\"potentialAction\":[{\"@type\":\"SearchAction\",\"target\":{\"@type\":\"EntryPoint\",\"urlTemplate\":\"https:\/\/elvisvantomato.com\/?s={search_term_string}\"},\"query-input\":{\"@type\":\"PropertyValueSpecification\",\"valueRequired\":true,\"valueName\":\"search_term_string\"}}],\"inLanguage\":\"en-US\"}]}<\/script>\n<!-- \/ Yoast SEO plugin. -->","yoast_head_json":{"title":"O nas - Studio nagra\u0144 Warszawa, spoty reklamowe, nagraniowe studio","robots":{"index":"index","follow":"follow","max-snippet":"max-snippet:-1","max-image-preview":"max-image-preview:large","max-video-preview":"max-video-preview:-1"},"canonical":"https:\/\/elvisvantomato.com\/en\/about-us\/","og_locale":"en_US","og_type":"article","og_title":"O nas - Studio nagra\u0144 Warszawa, spoty reklamowe, nagraniowe studio","og_description":"Studio Elvis van Tomato powsta\u0142o na wiosn\u0119 1996 roku w Szczecinie z po\u0142\u0105czenia dw\u00f3ch ma\u0142ych projektowych studi\u00f3w Kakadu i Cytrus. Od samego pocz\u0105tku za\u0142o\u017ceniem sta\u0142o si\u0119, aby po\u0142\u0105czy\u0107 dzia\u0142alno\u015b\u0107 artystyczn\u0105 kojarzon\u0105 z produkcj\u0105 muzyki, rejestracj\u0105 p\u0142yt i materia\u0142\u00f3w demo z dzia\u0142alno\u015bci\u0105 komercyjn\u0105 (reklamow\u0105). Korzystaj\u0105c z faktu, \u017ce na lokalnym rynku zacz\u0119\u0142y powstawa\u0107 komercyjne rozg\u0142o\u015bnie radiowe, takie jak Radio ABC, PSR. W oparciu o te stacje jak r\u00f3wnie\u017c o Polskie Radio Szczecin studio rozpocz\u0119\u0142o pr\u0119\u017cnie eksploatowa\u0107 rynek spot\u00f3w radiowych. Wkr\u00f3tce nawi\u0105zano kontakty z wi\u0119kszo\u015bci\u0105 szczeci\u0144skich aktor\u00f3w i lektor\u00f3w. Przeprowadzono profesjonalne castingi, zatrudniaj\u0105c copywrighter\u00f3w, studio sta\u0142o si\u0119 samowystarczalne w produkcji reklamy radiowej. [&hellip;]","og_url":"https:\/\/elvisvantomato.com\/en\/about-us\/","og_site_name":"Studio nagra\u0144 Warszawa, spoty reklamowe, nagraniowe studio","article_modified_time":"2023-11-10T11:15:15+00:00","twitter_card":"summary_large_image","twitter_misc":{"Est. reading time":"5 minutes"},"schema":{"@context":"https:\/\/schema.org","@graph":[{"@type":"WebPage","@id":"https:\/\/elvisvantomato.com\/about-us\/","url":"https:\/\/elvisvantomato.com\/about-us\/","name":"O nas - Studio nagra\u0144 Warszawa, spoty reklamowe, nagraniowe studio","isPartOf":{"@id":"https:\/\/elvisvantomato.com\/#website"},"datePublished":"2023-11-09T05:44:55+00:00","dateModified":"2023-11-10T11:15:15+00:00","breadcrumb":{"@id":"https:\/\/elvisvantomato.com\/about-us\/#breadcrumb"},"inLanguage":"en-US","potentialAction":[{"@type":"ReadAction","target":["https:\/\/elvisvantomato.com\/about-us\/"]}]},{"@type":"BreadcrumbList","@id":"https:\/\/elvisvantomato.com\/about-us\/#breadcrumb","itemListElement":[{"@type":"ListItem","position":1,"name":"Strona g\u0142\u00f3wna","item":"https:\/\/elvisvantomato.com\/"},{"@type":"ListItem","position":2,"name":"O nas"}]},{"@type":"WebSite","@id":"https:\/\/elvisvantomato.com\/#website","url":"https:\/\/elvisvantomato.com\/","name":"Studio nagra\u0144 Warszawa, spoty reklamowe, nagraniowe studio","description":"Studio nagra\u0144 Warszawa, spoty reklamowe, nagraniowe studio","potentialAction":[{"@type":"SearchAction","target":{"@type":"EntryPoint","urlTemplate":"https:\/\/elvisvantomato.com\/?s={search_term_string}"},"query-input":{"@type":"PropertyValueSpecification","valueRequired":true,"valueName":"search_term_string"}}],"inLanguage":"en-US"}]}},"_links":{"self":[{"href":"https:\/\/elvisvantomato.com\/en\/wp-json\/wp\/v2\/pages\/10323"}],"collection":[{"href":"https:\/\/elvisvantomato.com\/en\/wp-json\/wp\/v2\/pages"}],"about":[{"href":"https:\/\/elvisvantomato.com\/en\/wp-json\/wp\/v2\/types\/page"}],"author":[{"embeddable":true,"href":"https:\/\/elvisvantomato.com\/en\/wp-json\/wp\/v2\/users\/3"}],"replies":[{"embeddable":true,"href":"https:\/\/elvisvantomato.com\/en\/wp-json\/wp\/v2\/comments?post=10323"}],"version-history":[{"count":23,"href":"https:\/\/elvisvantomato.com\/en\/wp-json\/wp\/v2\/pages\/10323\/revisions"}],"predecessor-version":[{"id":10501,"href":"https:\/\/elvisvantomato.com\/en\/wp-json\/wp\/v2\/pages\/10323\/revisions\/10501"}],"wp:attachment":[{"href":"https:\/\/elvisvantomato.com\/en\/wp-json\/wp\/v2\/media?parent=10323"}],"curies":[{"name":"wp","href":"https:\/\/api.w.org\/{rel}","templated":true}]}}